{"id":71,"date":"2024-09-15T19:28:54","date_gmt":"2024-09-16T00:28:54","guid":{"rendered":"https:\/\/culturametrodequito.com\/?page_id=71"},"modified":"2025-03-14T10:06:18","modified_gmt":"2025-03-14T15:06:18","slug":"contacto","status":"publish","type":"page","link":"https:\/\/culturametrodequito.com\/index.php\/contacto\/","title":{"rendered":"Contacto"},"content":{"rendered":"\t\t<div data-elementor-type=\"wp-page\" data-elementor-id=\"71\" class=\"elementor elementor-71\" data-elementor-post-type=\"page\">\n\t\t\t\t<div class=\"elementor-element elementor-element-549c4e2a e-flex e-con-boxed e-con e-parent\" data-id=\"549c4e2a\" data-element_type=\"container\" data-settings=\"{&quot;animation&quot;:&quot;none&quot;}\">\n\t\t\t\t\t<div class=\"e-con-inner\">\n\t\t\t\t<div class=\"elementor-element elementor-element-256dd1a2 elementor-widget elementor-widget-html\" data-id=\"256dd1a2\" data-element_type=\"widget\" data-widget_type=\"html.default\">\n\t\t\t\t<div class=\"elementor-widget-container\">\n\t\t\t\t\t<html>\n    <head>\n        <style>\n            body {\n                font-family: Arial, sans-serif;\n                margin: 0;\n            }\n\n            .menu {\n                display: flex;\n                justify-content: space-between;\n                background-color: #333;\n                margin-bottom: 10px;\n                margin-top: 10px;\n            \n            }\n\n            .menu-item {\n                flex: 1;\n                text-align: center;\n                align-content: center;\n                padding-top: 10px;\n                padding-bottom: 10px;\n                position: relative; \/* Para el submen\u00fa de Cultura Metro *\/\n            }\n\n            .menu-item span {\n                color: white;\n                padding: 0;\n                cursor: pointer;\n                transition: background-color 0.3s;\n                width: 100px;\n                align-items: center;\n            \n            }\n\n            \/* Submen\u00fa para Cultura Metro *\/\n            .submenu {\n                display: none; \/* Ocultar submen\u00fa por defecto *\/\n                position: absolute;\n                background-color: #fafafa;\n                width: 100%;\n                z-index: 100;\n                color: #000;\n            }\n\n            .menu-item:hover .submenu {\n                display: block; \/* Mostrar submen\u00fa al pasar el mouse *\/\n            }\n\n            .submenu div {\n                margin-left: 10px;\n                margin-right: 10px;\n                color: black;\n                font-size: 13px;\n                cursor: pointer;\n                text-align: start;\n                border-bottom: 0.5px solid #dddddd; \n                align-items: center;\n            }\n\n            .submenu div:hover {\n                background-color: #eeeeee; \/* Color al pasar el mouse sobre el submen\u00fa *\/\n            }\n\n            \/* Media query para vista m\u00f3vil *\/\n            @media (max-width: 600px) {\n                .menu {\n                    flex-direction: column;\n                }\n\n                .menu > ul > li {\n                    flex: none;\n                    text-align: left;\n                }\n            }\n        <\/style>\n        \n        <link rel=\"stylesheet\" href=\"https:\/\/cdnjs.cloudflare.com\/ajax\/libs\/font-awesome\/6.0.0-beta3\/css\/all.min.css\">\n    <\/head>\n    <body>\n        <div class=\"menu\">\n            <div class=\"menu-item\" style=\"background-color:#DCDCDC\">\n                <span style=\"color:#244183; font-weight: bold;\" onclick=\"menuItemClicked('Inicio', 'https:\/\/culturametrodequito.com\/index.php\/cultura-metro\/')\">\n                    <i style=\"margin-top:auto; color:#244183; margin-right:10px; \" class=\"fas fa-guitar\"><\/i> Cultura Metro\n                <\/span>\n               <!-- <div class=\"submenu\">\n                    <div onclick=\"menuItemClicked('Inicio - Opci\u00f3n 1','https:\/\/culturametrodequito.com\/index.php\/relacionamiento-comunitario\/')\">Relacionamiento comunitario<\/div>\n                    <div onclick=\"menuItemClicked('Inicio - Opci\u00f3n 2','https:\/\/culturametrodequito.com\/index.php\/metro-cultura')\">Cultura Metro<\/div>\n                    <div onclick=\"menuItemClicked('Inicio - Opci\u00f3n 3','https:\/\/culturametrodequito.com\/index.php\/arte-y-cultura')\">Arte y patrimonio<\/div>\n                <\/div> -->\n            <\/div>\n\n            <div class=\"menu-item\" style=\"background-color:#E6243D\">\n                <span onclick=\"menuItemClicked('Servicios','https:\/\/culturametrodequito.com\/index.php\/medios-de-pago\/')\">\n                    <i style=\"margin-right:10px\" class=\"fa-regular fa-credit-card\"><\/i> Medios de pago\n                <\/span>\n            <\/div>\n\n            <div class=\"menu-item\" style=\"background-color:#F28D1C\">\n                <span onclick=\"menuItemClicked('Sobre Nosotros','https:\/\/culturametrodequito.com\/index.php\/informacion-operativa\/')\">\n                    <i style=\"margin-right:10px\" class=\"fa-solid fa-info\"><\/i> Informaci\u00f3n operativa\n                <\/span>\n            <\/div>\n\n            <div class=\"menu-item\" style=\"background-color:#3FBAE5\">\n                <span onclick=\"menuItemClicked('Contacto','https:\/\/culturametrodequito.com\/index.php\/genero-e-inclusion\/')\">\n                    <i style=\"margin-right:10px\" class=\"fa-regular fa-handshake\"><\/i> Inclusi\u00f3n\n                <\/span>\n            <\/div>\n\n            <div class=\"menu-item\" style=\"background-color:#0C76BC\">\n                <span onclick=\"menuItemClicked('Gu\u00eda del Usuario','https:\/\/culturametrodequito.com\/index.php\/guia-del-usuario\/')\">\n                    <i style=\"margin-right:10px\" class=\"fa-regular fa-address-book\"><\/i> Gu\u00eda del Usuario\n                <\/span>\n            <\/div>\n        <\/div>\n    <\/body>\n    \n    <script>\n        function menuItemClicked(item, url) {\n            window.location.href = url;\n        }\n    <\/script>\n<\/html>\n\t\t\t\t<\/div>\n\t\t\t\t<\/div>\n\t\t\t\t\t<\/div>\n\t\t\t\t<\/div>\n\t\t<div class=\"elementor-element elementor-element-b2a6fed e-flex e-con-boxed elementor-invisible e-con e-parent\" data-id=\"b2a6fed\" data-element_type=\"container\" data-settings=\"{&quot;background_background&quot;:&quot;classic&quot;,&quot;animation&quot;:&quot;fadeInLeft&quot;}\">\n\t\t\t\t\t<div class=\"e-con-inner\">\n\t\t<div class=\"elementor-element elementor-element-dfdc586 e-con-full e-flex e-con e-child\" data-id=\"dfdc586\" data-element_type=\"container\">\n\t\t\t\t<\/div>\n\t\t<div class=\"elementor-element elementor-element-a170eb9 e-con-full e-flex e-con e-child\" data-id=\"a170eb9\" data-element_type=\"container\">\n\t\t\t\t<div class=\"elementor-element elementor-element-2aa6aaa elementor-widget elementor-widget-heading\" data-id=\"2aa6aaa\" data-element_type=\"widget\" data-widget_type=\"heading.default\">\n\t\t\t\t<div class=\"elementor-widget-container\">\n\t\t\t\t\t<h3 class=\"elementor-heading-title elementor-size-default\">CONTACTO<\/h3>\t\t\t\t<\/div>\n\t\t\t\t<\/div>\n\t\t\t\t<\/div>\n\t\t<div class=\"elementor-element elementor-element-bf86386 e-con-full e-flex e-con e-child\" data-id=\"bf86386\" data-element_type=\"container\">\n\t\t\t\t<\/div>\n\t\t\t\t\t<\/div>\n\t\t\t\t<\/div>\n\t\t\t\t<\/div>\n\t\t","protected":false},"excerpt":{"rendered":"<p>Cultura Metro Medios de pago Informaci\u00f3n operativa Inclusi\u00f3n Gu\u00eda del Usuario CONTACTO<\/p>\n","protected":false},"author":2,"featured_media":0,"parent":0,"menu_order":0,"comment_status":"closed","ping_status":"closed","template":"","meta":{"footnotes":""},"class_list":["post-71","page","type-page","status-publish","hentry"],"_links":{"self":[{"href":"https:\/\/culturametrodequito.com\/index.php\/wp-json\/wp\/v2\/pages\/71"}],"collection":[{"href":"https:\/\/culturametrodequito.com\/index.php\/wp-json\/wp\/v2\/pages"}],"about":[{"href":"https:\/\/culturametrodequito.com\/index.php\/wp-json\/wp\/v2\/types\/page"}],"author":[{"embeddable":true,"href":"https:\/\/culturametrodequito.com\/index.php\/wp-json\/wp\/v2\/users\/2"}],"replies":[{"embeddable":true,"href":"https:\/\/culturametrodequito.com\/index.php\/wp-json\/wp\/v2\/comments?post=71"}],"version-history":[{"count":43,"href":"https:\/\/culturametrodequito.com\/index.php\/wp-json\/wp\/v2\/pages\/71\/revisions"}],"predecessor-version":[{"id":19679,"href":"https:\/\/culturametrodequito.com\/index.php\/wp-json\/wp\/v2\/pages\/71\/revisions\/19679"}],"wp:attachment":[{"href":"https:\/\/culturametrodequito.com\/index.php\/wp-json\/wp\/v2\/media?parent=71"}],"curies":[{"name":"wp","href":"https:\/\/api.w.org\/{rel}","templated":true}]}}