{"id":1663,"date":"2024-09-19T11:01:24","date_gmt":"2024-09-19T16:01:24","guid":{"rendered":"https:\/\/culturametrodequito.com\/?page_id=1663"},"modified":"2025-07-08T11:43:59","modified_gmt":"2025-07-08T16:43:59","slug":"data-verde","status":"publish","type":"page","link":"https:\/\/culturametrodequito.com\/index.php\/data-verde\/","title":{"rendered":"Data Verde"},"content":{"rendered":"\t\t<div data-elementor-type=\"wp-page\" data-elementor-id=\"1663\" class=\"elementor elementor-1663\" data-elementor-post-type=\"page\">\n\t\t\t\t<div class=\"elementor-element elementor-element-2a92eecd e-flex e-con-boxed e-con e-parent\" data-id=\"2a92eecd\" data-element_type=\"container\" data-settings=\"{&quot;animation&quot;:&quot;none&quot;}\">\n\t\t\t\t\t<div class=\"e-con-inner\">\n\t\t\t\t<div class=\"elementor-element elementor-element-6b5bba5a elementor-widget elementor-widget-html\" data-id=\"6b5bba5a\" data-element_type=\"widget\" data-widget_type=\"html.default\">\n\t\t\t\t<div class=\"elementor-widget-container\">\n\t\t\t\t\t<html>\n    <head>\n        <style>\n            body {\n                font-family: Arial, sans-serif;\n                margin: 0;\n            }\n\n            .menu {\n                display: flex;\n                justify-content: space-between;\n                background-color: #333;\n                margin-bottom: 10px;\n                margin-top: 10px;\n            \n            }\n\n            .menu-item {\n                flex: 1;\n                text-align: center;\n                align-content: center;\n                padding-top: 10px;\n                padding-bottom: 10px;\n                position: relative; \/* Para el submen\u00fa de Cultura Metro *\/\n            }\n\n            .menu-item span {\n                color: white;\n                padding: 0;\n                cursor: pointer;\n                transition: background-color 0.3s;\n                width: 100px;\n                align-items: center;\n            \n            }\n\n            \/* Submen\u00fa para Cultura Metro *\/\n            .submenu {\n                display: none; \/* Ocultar submen\u00fa por defecto *\/\n                position: absolute;\n                background-color: #fafafa;\n                width: 100%;\n                z-index: 100;\n                color: #000;\n            }\n\n            .menu-item:hover .submenu {\n                display: block; \/* Mostrar submen\u00fa al pasar el mouse *\/\n            }\n\n            .submenu div {\n                margin-left: 10px;\n                margin-right: 10px;\n                color: black;\n                font-size: 13px;\n                cursor: pointer;\n                text-align: start;\n                border-bottom: 0.5px solid #dddddd; \n                align-items: center;\n            }\n\n            .submenu div:hover {\n                background-color: #eeeeee; \/* Color al pasar el mouse sobre el submen\u00fa *\/\n            }\n\n            \/* Media query para vista m\u00f3vil *\/\n            @media (max-width: 600px) {\n                .menu {\n                    flex-direction: column;\n                }\n\n                .menu > ul > li {\n                    flex: none;\n                    text-align: left;\n                }\n            }\n        <\/style>\n        \n        <link rel=\"stylesheet\" href=\"https:\/\/cdnjs.cloudflare.com\/ajax\/libs\/font-awesome\/6.0.0-beta3\/css\/all.min.css\">\n    <\/head>\n    <body>\n        <div class=\"menu\">\n            <div class=\"menu-item\" style=\"background-color:#DCDCDC\">\n                <span style=\"color:#244183; font-weight: bold;\" onclick=\"menuItemClicked('Inicio', 'https:\/\/culturametrodequito.com\/index.php\/cultura-metro\/')\">\n                    <i style=\"margin-top:auto; color:#244183; margin-right:10px; \" class=\"fas fa-guitar\"><\/i> Cultura Metro\n                <\/span>\n               <!-- <div class=\"submenu\">\n                    <div onclick=\"menuItemClicked('Inicio - Opci\u00f3n 1','https:\/\/culturametrodequito.com\/index.php\/relacionamiento-comunitario\/')\">Relacionamiento comunitario<\/div>\n                    <div onclick=\"menuItemClicked('Inicio - Opci\u00f3n 2','https:\/\/culturametrodequito.com\/index.php\/metro-cultura')\">Cultura Metro<\/div>\n                    <div onclick=\"menuItemClicked('Inicio - Opci\u00f3n 3','https:\/\/culturametrodequito.com\/index.php\/arte-y-cultura')\">Arte y patrimonio<\/div>\n                <\/div> -->\n            <\/div>\n\n            <div class=\"menu-item\" style=\"background-color:#E6243D\">\n                <span onclick=\"menuItemClicked('Servicios','https:\/\/culturametrodequito.com\/index.php\/medios-de-pago\/')\">\n                    <i style=\"margin-right:10px\" class=\"fa-regular fa-credit-card\"><\/i> Medios de pago\n                <\/span>\n            <\/div>\n\n            <div class=\"menu-item\" style=\"background-color:#F28D1C\">\n                <span onclick=\"menuItemClicked('Sobre Nosotros','https:\/\/culturametrodequito.com\/index.php\/informacion-operativa\/')\">\n                    <i style=\"margin-right:10px\" class=\"fa-solid fa-info\"><\/i> Informaci\u00f3n operativa\n                <\/span>\n            <\/div>\n\n            <div class=\"menu-item\" style=\"background-color:#3FBAE5\">\n                <span onclick=\"menuItemClicked('Contacto','https:\/\/culturametrodequito.com\/index.php\/genero-e-inclusion\/')\">\n                    <i style=\"margin-right:10px\" class=\"fa-regular fa-handshake\"><\/i> Inclusi\u00f3n\n                <\/span>\n            <\/div>\n\n            <div class=\"menu-item\" style=\"background-color:#0C76BC\">\n                <span onclick=\"menuItemClicked('Gu\u00eda del Usuario','https:\/\/culturametrodequito.com\/index.php\/guia-del-usuario\/')\">\n                    <i style=\"margin-right:10px\" class=\"fa-regular fa-address-book\"><\/i> Gu\u00eda del Usuario\n                <\/span>\n            <\/div>\n        <\/div>\n    <\/body>\n    \n    <script>\n        function menuItemClicked(item, url) {\n            window.location.href = url;\n        }\n    <\/script>\n<\/html>\n\t\t\t\t<\/div>\n\t\t\t\t<\/div>\n\t\t\t\t\t<\/div>\n\t\t\t\t<\/div>\n\t\t<div class=\"elementor-element elementor-element-73339e1 e-flex e-con-boxed elementor-invisible e-con e-parent\" data-id=\"73339e1\" data-element_type=\"container\" data-settings=\"{&quot;background_background&quot;:&quot;classic&quot;,&quot;animation&quot;:&quot;fadeInLeft&quot;}\">\n\t\t\t\t\t<div class=\"e-con-inner\">\n\t\t<div class=\"elementor-element elementor-element-7ae3686 e-con-full e-flex e-con e-child\" data-id=\"7ae3686\" data-element_type=\"container\">\n\t\t\t\t<div class=\"elementor-element elementor-element-bd5d684 elementor-widget elementor-widget-html\" data-id=\"bd5d684\" data-element_type=\"widget\" data-widget_type=\"html.default\">\n\t\t\t\t<div class=\"elementor-widget-container\">\n\t\t\t\t\t<!DOCTYPE html>\n<html lang=\"es\">\n<head>\n    <meta charset=\"UTF-8\">\n    <meta name=\"viewport\" content=\"width=device-width, initial-scale=1.0\">\n    <title>Bot\u00f3n Regresar<\/title>\n    <style>\n        \/* Estilos \u00fanicos para evitar conflictos *\/\n        .btn-regresar-unique {\n            display: flex;\n            align-items: center;\n            justify-content: center;\n            background: none;\n            border: none;\n            font-size: 18px;\n            font-weight: bold;\n            cursor: pointer;\n            transition: opacity 0.3s, transform 0.2s;\n            text-decoration: none;\n            width: fit-content;\n            color: black; \/* <-- A\u00f1adido para que el texto se vea negro *\/\n        }\n\n        .btn-regresar-unique:hover {\n            opacity: 0.7;\n            transform: scale(1.05);\n        }\n\n        .btn-regresar-unique img {\n            width: 24px; \/* Tama\u00f1o de la flecha *\/\n            height: auto;\n            margin-right: 8px;\n        }\n    <\/style>\n<\/head>\n<body style=\"background-color: white;\">\n\n    <!-- Bot\u00f3n de Regresar -->\n    <button class=\"btn-regresar-unique\" onclick=\"goBackUnique()\">\n        <img decoding=\"async\" src=\"https:\/\/culturametrodequito.com\/wp-content\/uploads\/2025\/03\/png-clipart-computer-icons-arrow-back-angle-triangle-thumbnail-Photoroom-e1741888126670.png\" \n             alt=\"Flecha Regresar\">\n        Regresar\n    <\/button>\n\n    <script>\n        function goBackUnique() {\n            window.history.back();\n        }\n    <\/script>\n\n<\/body>\n<\/html>\n\t\t\t\t<\/div>\n\t\t\t\t<\/div>\n\t\t\t\t<\/div>\n\t\t<div class=\"elementor-element elementor-element-7aab1ce e-con-full e-flex e-con e-child\" data-id=\"7aab1ce\" data-element_type=\"container\">\n\t\t\t\t<div class=\"elementor-element elementor-element-ecaa85d elementor-widget elementor-widget-heading\" data-id=\"ecaa85d\" data-element_type=\"widget\" data-widget_type=\"heading.default\">\n\t\t\t\t<div class=\"elementor-widget-container\">\n\t\t\t\t\t<h2 class=\"elementor-heading-title elementor-size-default\">SOSTENIBILIDAD<\/h2>\t\t\t\t<\/div>\n\t\t\t\t<\/div>\n\t\t\t\t<\/div>\n\t\t<div class=\"elementor-element elementor-element-d64e9c8 e-con-full e-flex e-con e-child\" data-id=\"d64e9c8\" data-element_type=\"container\">\n\t\t\t\t<\/div>\n\t\t\t\t\t<\/div>\n\t\t\t\t<\/div>\n\t\t<div class=\"elementor-element elementor-element-935c508 e-flex e-con-boxed e-con e-parent\" data-id=\"935c508\" data-element_type=\"container\">\n\t\t\t\t\t<div class=\"e-con-inner\">\n\t\t<div class=\"elementor-element elementor-element-a54f86b e-con-full e-flex e-con e-child\" data-id=\"a54f86b\" data-element_type=\"container\">\n\t\t\t\t<div class=\"elementor-element elementor-element-210bfde elementor-widget elementor-widget-html\" data-id=\"210bfde\" data-element_type=\"widget\" data-widget_type=\"html.default\">\n\t\t\t\t<div class=\"elementor-widget-container\">\n\t\t\t\t\t<!DOCTYPE html>\n<html lang=\"en\">\n<head>\n    <meta charset=\"UTF-8\">\n    <meta name=\"viewport\" content=\"width=device-width, initial-scale=1.0\">\n    <title>Metro Relatos Carrusel<\/title>\n    <!-- Bootstrap CSS -->\n    <link href=\"https:\/\/cdn.jsdelivr.net\/npm\/bootstrap@5.3.0-alpha3\/dist\/css\/bootstrap.min.css\" rel=\"stylesheet\">\n    <!-- Google Font Montserrat -->\n    <link href=\"https:\/\/fonts.googleapis.com\/css2?family=Montserrat:wght@400;700&display=swap\" rel=\"stylesheet\">\n  <style>\n\/* General font style *\/\nbody {\n    font-family: 'Montserrat', sans-serif;\n    margin: 0;\n    padding: 0;\n}\n\n\/* Banner estilos *\/\n.banner {\n    display: flex;\n    align-items: center;\n    justify-content: space-between;\n    background-color: #74aa46; \/* Verde de fondo *\/\n    color: white;\n    height: 70vh; \/* Ocupa todo el alto de la pantalla *\/\n    padding: 0; \/* Eliminamos los m\u00e1rgenes internos *\/\n    margin: 0; \/* Eliminamos los m\u00e1rgenes exteriores *\/\n}\n\n.banner-text {\n    flex: 1; \/* Ocupa la mitad del espacio *\/\n    text-align: left; \/* Alinea el texto a la izquierda *\/\n    z-index: 1; \/* Asegura que el texto est\u00e9 sobre la imagen *\/\n    margin-left: 40px; \/* Agrega un margen izquierdo de 40px *\/\n}\n\n.banner-text h2 {\n    font-size: 2.5rem; \/* Tama\u00f1o grande del encabezado *\/\n    font-weight: 700; \/* Negrita *\/\n    line-height: 1.3; \/* Espaciado entre l\u00edneas *\/\n    margin: 0 0 30px 0; \/* M\u00e1s espacio debajo del h2 *\/\n}\n\n.banner-text p {\n    font-size: 2rem; \/* Tama\u00f1o del p\u00e1rrafo *\/\n    line-height: 1; \/* Mejora la legibilidad *\/\n    margin: 40px 20px 50px 20px; \/* Espaciado: superior, lateral y abajo *\/\n    font-weight: 400; \/* Regular *\/\n}\n\n\n.btn-custom {\n    color: white;\n    border: 2px solid white;\n    background-color: transparent;\n    padding: 10px 20px;\n    font-size: 1.2em;\n    font-weight: bold;\n    border-radius: 50px; \/* Hace las esquinas redondeadas *\/\n    text-transform: uppercase; \/* Convierte el texto a may\u00fasculas *\/\n    transition: background-color 0.3s ease, color 0.3s ease;\n    margin-top: 30px; \/* Espacio entre el texto y el bot\u00f3n *\/\n}\n\n.btn-custom:hover {\n    background-color: white;\n    color: #005bbb; \/* Cambia el texto al azul de fondo al pasar el cursor *\/\n}\n\n\/* Estilo del contenedor de la imagen *\/\n.banner-image {\n    position: relative;\n    height: 100%; \/* Asegura que la altura del contenedor sea de 100% *\/\n    overflow: hidden; \/* Evita que las im\u00e1genes se desborden *\/\n}\n\n.banner-image img {\n    width: 100%;\n    height: 100%;\n    object-fit: cover;  \/* Asegura que la imagen de fondo no se distorsione *\/\n}\n\n\/* Gradiente para el difuminado en ambos lados *\/\n.banner-image::before,\n.banner-image::after {\n    content: '';\n    position: absolute;\n    top: 0;\n    width: 20%; \/* Ajusta el ancho del difuminado *\/\n    height: 100%;\n    pointer-events: none;\n}\n\n.banner-image::before {\n    left: 0;\n    background: linear-gradient(to right, rgba(116, 170, 70, 1), rgba(116, 170, 70, 0)); \/* Difuminado en el lado izquierdo *\/\n}\n\n.banner-image::after {\n    right: 0;\n    background: linear-gradient(to left, rgba(116, 170, 70, 1), rgba(116, 170, 70, 0)); \/* Difuminado en el lado derecho *\/\n}\n\n.overlay-image {\n    position: absolute;\n    top: 50%;\n    left: 75%;\n    transform: translate(-50%, -50%);\n    height: auto;  \n    z-index: 2;\n}\n\n\/* Ajustes para pantallas m\u00e1s peque\u00f1as *\/\n@media (max-width: 768px) {\n    .carousel-inner {\n        height: 100vh; \/* Ajusta la altura para que ocupe toda la pantalla *\/\n    }\n\n    .banner {\n        height: 30vh; \/* Asegura que el banner ocupe todo el alto *\/\n    }\n\n    .banner-text h2 {\n        font-size: 2em; \/* Tama\u00f1o de texto m\u00e1s peque\u00f1o *\/\n        line-height: 1.3; \/* Espaciado entre l\u00edneas *\/\n    }\n\n    .banner-text p {\n         font-size: 0.8rem; \/* Tama\u00f1o del p\u00e1rrafo *\/\n    margin-top: 40px; \/* M\u00e1s espacio encima del p\u00e1rrafo *\/\n    margin-bottom: 50px; \/* Espacio entre p\u00e1rrafos *\/\n    }\n}\n\n@media (max-width: 576px) {\n    .carousel-inner {\n        height: auto; \/* Asegura que la altura ocupe toda la pantalla *\/\n    }\n\n    .banner {\n        height: 35vh; \/* Asegura que el banner ocupe todo el alto *\/\n    }\n\n    .banner-text h2 {\n        font-size: 1em; \/* Ajusta el tama\u00f1o del t\u00edtulo *\/\n       line-height: 1.3; \/* Espaciado entre l\u00edneas *\/\n    }\n\n    .banner-text p {\n         font-size: 0.6rem; \/* Tama\u00f1o del p\u00e1rrafo *\/\n    margin-top: 40px; \/* M\u00e1s espacio encima del p\u00e1rrafo *\/\n    margin-bottom: 35px; \/* Espacio entre p\u00e1rrafos *\/\n    }\n}\n<\/style>\n\n\n<\/head>\n<body>\n    <!-- Banner -->\n    <div class=\"banner\">\n        <div class=\"banner-text\">\n         \n<h2>El Metro de Quito avanza con energ\u00eda limpia, reduciendo emisiones y promoviendo la econom\u00eda circular.<\/h2>\n         \n          \n        <\/div>\n      <div class=\"banner-image\">\n    <img decoding=\"async\" src=\"https:\/\/culturametrodequito.com\/wp-content\/uploads\/2025\/01\/tren-2.jpg\" alt=\"Metro Relatos\">\n    <img decoding=\"async\" src=\"https:\/\/culturametrodequito.com\/wp-content\/uploads\/2025\/02\/banner-image-1.png\" alt=\"Imagen Superpuesta\" class=\"overlay-image\" style=\"width: 50%; max-width: 650px; height: auto;\">\n<\/div>\n\n\n    <\/div>\n\n    <!-- Bootstrap JS -->\n    <script src=\"https:\/\/cdn.jsdelivr.net\/npm\/bootstrap@5.3.0-alpha3\/dist\/js\/bootstrap.bundle.min.js\"><\/script>\n<\/body>\n<\/html>\n\t\t\t\t<\/div>\n\t\t\t\t<\/div>\n\t\t\t\t<\/div>\n\t\t\t\t\t<\/div>\n\t\t\t\t<\/div>\n\t\t<div class=\"elementor-element elementor-element-045539a e-con-full e-flex elementor-invisible e-con e-parent\" data-id=\"045539a\" data-element_type=\"container\" data-settings=\"{&quot;animation&quot;:&quot;fadeInLeft&quot;}\">\n\t\t<div class=\"elementor-element elementor-element-658f6bf e-flex e-con-boxed e-con e-child\" data-id=\"658f6bf\" data-element_type=\"container\">\n\t\t\t\t\t<div class=\"e-con-inner\">\n\t\t\t\t<div class=\"elementor-element elementor-element-b48b493 elementor-invisible elementor-widget elementor-widget-heading\" data-id=\"b48b493\" data-element_type=\"widget\" data-settings=\"{&quot;_animation&quot;:&quot;fadeInLeft&quot;}\" data-widget_type=\"heading.default\">\n\t\t\t\t<div class=\"elementor-widget-container\">\n\t\t\t\t\t<h2 class=\"elementor-heading-title elementor-size-default\">Movilidad sostenible para una ciudad m\u00e1s verde y un futuro responsable<\/h2>\t\t\t\t<\/div>\n\t\t\t\t<\/div>\n\t\t\t\t<div class=\"elementor-element elementor-element-4552224 elementor-widget elementor-widget-text-editor\" data-id=\"4552224\" data-element_type=\"widget\" data-widget_type=\"text-editor.default\">\n\t\t\t\t<div class=\"elementor-widget-container\">\n\t\t\t\t\t\t\t\t\t<p style=\"text-align: left;\">La sostenibilidad ambiental reduce el impacto ecol\u00f3gico y optimiza recursos. El Metro de Quito opera con eficiencia energ\u00e9tica, gestiona residuos, impulsa la econom\u00eda circular y reduce emisiones, aline\u00e1ndose con pr\u00e1cticas empresariales responsables.<\/p>\t\t\t\t\t\t\t\t<\/div>\n\t\t\t\t<\/div>\n\t\t\t\t\t<\/div>\n\t\t\t\t<\/div>\n\t\t\t\t<\/div>\n\t\t<div class=\"elementor-element elementor-element-7cc480c e-flex e-con-boxed elementor-invisible e-con e-parent\" data-id=\"7cc480c\" data-element_type=\"container\" data-settings=\"{&quot;animation&quot;:&quot;fadeInRight&quot;}\">\n\t\t\t\t\t<div class=\"e-con-inner\">\n\t\t<div class=\"elementor-element elementor-element-b6d4557 e-con-full e-transform e-flex e-con e-child\" data-id=\"b6d4557\" data-element_type=\"container\" data-settings=\"{&quot;background_background&quot;:&quot;slideshow&quot;,&quot;background_slideshow_gallery&quot;:[{&quot;id&quot;:18237,&quot;url&quot;:&quot;https:\\\/\\\/culturametrodequito.com\\\/wp-content\\\/uploads\\\/2025\\\/02\\\/Captura-de-pantalla-2025-02-26-101838.png&quot;}],&quot;_transform_scale_effect_hover&quot;:{&quot;unit&quot;:&quot;px&quot;,&quot;size&quot;:1.1,&quot;sizes&quot;:[]},&quot;animation&quot;:&quot;none&quot;,&quot;background_slideshow_loop&quot;:&quot;yes&quot;,&quot;background_slideshow_slide_duration&quot;:5000,&quot;background_slideshow_slide_transition&quot;:&quot;fade&quot;,&quot;background_slideshow_transition_duration&quot;:500,&quot;_transform_scale_effect_hover_tablet&quot;:{&quot;unit&quot;:&quot;px&quot;,&quot;size&quot;:&quot;&quot;,&quot;sizes&quot;:[]},&quot;_transform_scale_effect_hover_mobile&quot;:{&quot;unit&quot;:&quot;px&quot;,&quot;size&quot;:&quot;&quot;,&quot;sizes&quot;:[]}}\">\n\t\t<a class=\"elementor-element elementor-element-c3e3c7f e-con-full e-flex e-con e-child\" data-id=\"c3e3c7f\" data-element_type=\"container\" href=\"https:\/\/culturametrodequito.com\/index.php\/cuidado-ambiental\/\">\n\t\t\t\t<\/a>\n\t\t\t\t<div class=\"elementor-element elementor-element-c96ed5b elementor-absolute elementor-widget__width-initial elementor-widget-mobile__width-inherit elementor-widget elementor-widget-heading\" data-id=\"c96ed5b\" data-element_type=\"widget\" data-settings=\"{&quot;_position&quot;:&quot;absolute&quot;}\" data-widget_type=\"heading.default\">\n\t\t\t\t<div class=\"elementor-widget-container\">\n\t\t\t\t\t<h4 class=\"elementor-heading-title elementor-size-default\"><a href=\"https:\/\/culturametrodequito.com\/index.php\/cuidado-ambiental\/\">Cuidado <\/br>\nambiental<\/a><\/h4>\t\t\t\t<\/div>\n\t\t\t\t<\/div>\n\t\t\t\t<\/div>\n\t\t<div class=\"elementor-element elementor-element-1df1ed1 e-con-full e-transform e-flex e-con e-child\" data-id=\"1df1ed1\" data-element_type=\"container\" data-settings=\"{&quot;background_background&quot;:&quot;slideshow&quot;,&quot;background_slideshow_gallery&quot;:[{&quot;id&quot;:18235,&quot;url&quot;:&quot;https:\\\/\\\/culturametrodequito.com\\\/wp-content\\\/uploads\\\/2025\\\/02\\\/CHR03485-scaled.jpg&quot;}],&quot;_transform_scale_effect_hover&quot;:{&quot;unit&quot;:&quot;px&quot;,&quot;size&quot;:1.1,&quot;sizes&quot;:[]},&quot;animation&quot;:&quot;none&quot;,&quot;background_slideshow_loop&quot;:&quot;yes&quot;,&quot;background_slideshow_slide_duration&quot;:5000,&quot;background_slideshow_slide_transition&quot;:&quot;fade&quot;,&quot;background_slideshow_transition_duration&quot;:500,&quot;_transform_scale_effect_hover_tablet&quot;:{&quot;unit&quot;:&quot;px&quot;,&quot;size&quot;:&quot;&quot;,&quot;sizes&quot;:[]},&quot;_transform_scale_effect_hover_mobile&quot;:{&quot;unit&quot;:&quot;px&quot;,&quot;size&quot;:&quot;&quot;,&quot;sizes&quot;:[]}}\">\n\t\t<a class=\"elementor-element elementor-element-131e473 e-con-full e-flex e-con e-child\" data-id=\"131e473\" data-element_type=\"container\" href=\"https:\/\/culturametrodequito.com\/index.php\/monitoreos-permanentes\/\">\n\t\t\t\t<\/a>\n\t\t\t\t<div class=\"elementor-element elementor-element-81f959c elementor-absolute elementor-widget__width-initial elementor-widget-mobile__width-inherit elementor-widget elementor-widget-heading\" data-id=\"81f959c\" data-element_type=\"widget\" data-settings=\"{&quot;_position&quot;:&quot;absolute&quot;}\" data-widget_type=\"heading.default\">\n\t\t\t\t<div class=\"elementor-widget-container\">\n\t\t\t\t\t<h4 class=\"elementor-heading-title elementor-size-default\"><a href=\"https:\/\/culturametrodequito.com\/index.php\/monitoreos-permanentes\/\">Monitoreos <\/br>\npermanentes<\/a><\/h4>\t\t\t\t<\/div>\n\t\t\t\t<\/div>\n\t\t\t\t<\/div>\n\t\t<div class=\"elementor-element elementor-element-9c7654e e-con-full e-transform e-flex e-con e-child\" data-id=\"9c7654e\" data-element_type=\"container\" data-settings=\"{&quot;background_background&quot;:&quot;slideshow&quot;,&quot;background_slideshow_gallery&quot;:[{&quot;id&quot;:18238,&quot;url&quot;:&quot;https:\\\/\\\/culturametrodequito.com\\\/wp-content\\\/uploads\\\/2025\\\/02\\\/Reciclaje-Portada2.webp&quot;}],&quot;_transform_scale_effect_hover&quot;:{&quot;unit&quot;:&quot;px&quot;,&quot;size&quot;:1.1,&quot;sizes&quot;:[]},&quot;animation&quot;:&quot;none&quot;,&quot;background_slideshow_loop&quot;:&quot;yes&quot;,&quot;background_slideshow_slide_duration&quot;:5000,&quot;background_slideshow_slide_transition&quot;:&quot;fade&quot;,&quot;background_slideshow_transition_duration&quot;:500,&quot;_transform_scale_effect_hover_tablet&quot;:{&quot;unit&quot;:&quot;px&quot;,&quot;size&quot;:&quot;&quot;,&quot;sizes&quot;:[]},&quot;_transform_scale_effect_hover_mobile&quot;:{&quot;unit&quot;:&quot;px&quot;,&quot;size&quot;:&quot;&quot;,&quot;sizes&quot;:[]}}\">\n\t\t<a class=\"elementor-element elementor-element-fd74408 e-con-full e-flex e-con e-child\" data-id=\"fd74408\" data-element_type=\"container\" href=\"https:\/\/culturametrodequito.com\/index.php\/manejo-de-desechos\/\">\n\t\t\t\t<\/a>\n\t\t\t\t<div class=\"elementor-element elementor-element-e6ac1e7 elementor-absolute elementor-widget__width-initial elementor-widget-mobile__width-inherit elementor-widget elementor-widget-heading\" data-id=\"e6ac1e7\" data-element_type=\"widget\" data-settings=\"{&quot;_position&quot;:&quot;absolute&quot;}\" data-widget_type=\"heading.default\">\n\t\t\t\t<div class=\"elementor-widget-container\">\n\t\t\t\t\t<h4 class=\"elementor-heading-title elementor-size-default\"><a href=\"https:\/\/culturametrodequito.com\/index.php\/manejo-de-desechos\/\">Manejo de<\/br>\ndesechos<\/a><\/h4>\t\t\t\t<\/div>\n\t\t\t\t<\/div>\n\t\t\t\t<\/div>\n\t\t\t\t\t<\/div>\n\t\t\t\t<\/div>\n\t\t\t\t<\/div>\n\t\t","protected":false},"excerpt":{"rendered":"<p>Cultura Metro Medios de pago Informaci\u00f3n operativa Inclusi\u00f3n Gu\u00eda del Usuario Bot\u00f3n Regresar Regresar SOSTENIBILIDAD Metro Relatos Carrusel El Metro de Quito avanza con energ\u00eda limpia, reduciendo emisiones y promoviendo [&hellip;]<\/p>\n","protected":false},"author":2,"featured_media":0,"parent":0,"menu_order":0,"comment_status":"closed","ping_status":"closed","template":"","meta":{"footnotes":""},"class_list":["post-1663","page","type-page","status-publish","hentry"],"_links":{"self":[{"href":"https:\/\/culturametrodequito.com\/index.php\/wp-json\/wp\/v2\/pages\/1663"}],"collection":[{"href":"https:\/\/culturametrodequito.com\/index.php\/wp-json\/wp\/v2\/pages"}],"about":[{"href":"https:\/\/culturametrodequito.com\/index.php\/wp-json\/wp\/v2\/types\/page"}],"author":[{"embeddable":true,"href":"https:\/\/culturametrodequito.com\/index.php\/wp-json\/wp\/v2\/users\/2"}],"replies":[{"embeddable":true,"href":"https:\/\/culturametrodequito.com\/index.php\/wp-json\/wp\/v2\/comments?post=1663"}],"version-history":[{"count":491,"href":"https:\/\/culturametrodequito.com\/index.php\/wp-json\/wp\/v2\/pages\/1663\/revisions"}],"predecessor-version":[{"id":21636,"href":"https:\/\/culturametrodequito.com\/index.php\/wp-json\/wp\/v2\/pages\/1663\/revisions\/21636"}],"wp:attachment":[{"href":"https:\/\/culturametrodequito.com\/index.php\/wp-json\/wp\/v2\/media?parent=1663"}],"curies":[{"name":"wp","href":"https:\/\/api.w.org\/{rel}","templated":true}]}}